{"id":855,"date":"2025-02-07T19:39:06","date_gmt":"2025-02-07T18:39:06","guid":{"rendered":"https:\/\/pionier.net.pl\/pionierid\/?page_id=855"},"modified":"2025-04-16T22:11:44","modified_gmt":"2025-04-16T20:11:44","slug":"rejestrowanie-uslug","status":"publish","type":"page","link":"https:\/\/pionier.net.pl\/pionierid\/rejestrowanie-uslug\/","title":{"rendered":"REJESTROWANIE US\u0141UG"},"content":{"rendered":"\t\t<div data-elementor-type=\"wp-page\" data-elementor-id=\"855\" class=\"elementor elementor-855\">\n\t\t\t\t\t\t<section class=\"elementor-section elementor-top-section elementor-element elementor-element-2c2d3b5 elementor-section-boxed elementor-section-height-default elementor-section-height-default\" data-id=\"2c2d3b5\" data-element_type=\"section\">\n\t\t\t\t\t\t<div class=\"elementor-container elementor-column-gap-default\">\n\t\t\t\t\t<div class=\"elementor-column elementor-col-100 elementor-top-column elementor-element elementor-element-7fb929b\" data-id=\"7fb929b\" data-element_type=\"column\">\n\t\t\t<div class=\"elementor-widget-wrap elementor-element-populated\">\n\t\t\t\t\t\t<div class=\"elementor-element elementor-element-91d9d58 elementor-widget elementor-widget-heading\" data-id=\"91d9d58\" data-element_type=\"widget\" data-widget_type=\"heading.default\">\n\t\t\t\t<div class=\"elementor-widget-container\">\n\t\t\t\t\t<h1 class=\"elementor-heading-title elementor-size-default\">Procedura rejestracji us\u0142ugodawc\u00f3w w Federacji PIONIER.Id<\/h1>\t\t\t\t<\/div>\n\t\t\t\t<\/div>\n\t\t\t\t\t<\/div>\n\t\t<\/div>\n\t\t\t\t\t<\/div>\n\t\t<\/section>\n\t\t\t\t<section class=\"elementor-section elementor-top-section elementor-element elementor-element-2d85ff7 elementor-section-boxed elementor-section-height-default elementor-section-height-default\" data-id=\"2d85ff7\" data-element_type=\"section\">\n\t\t\t\t\t\t<div class=\"elementor-container elementor-column-gap-default\">\n\t\t\t\t\t<div class=\"elementor-column elementor-col-100 elementor-top-column elementor-element elementor-element-ea4e9b8\" data-id=\"ea4e9b8\" data-element_type=\"column\">\n\t\t\t<div class=\"elementor-widget-wrap elementor-element-populated\">\n\t\t\t\t\t\t<div class=\"elementor-element elementor-element-fa860e7 elementor-widget__width-initial elementor-view-default elementor-widget elementor-widget-icon\" data-id=\"fa860e7\" data-element_type=\"widget\" data-widget_type=\"icon.default\">\n\t\t\t\t<div class=\"elementor-widget-container\">\n\t\t\t\t\t\t\t<div class=\"elementor-icon-wrapper\">\n\t\t\t<div class=\"elementor-icon\">\n\t\t\t<i aria-hidden=\"true\" class=\"fas fa-square-full\"><\/i>\t\t\t<\/div>\n\t\t<\/div>\n\t\t\t\t\t\t<\/div>\n\t\t\t\t<\/div>\n\t\t\t\t<div class=\"elementor-element elementor-element-848bdb2 elementor-widget__width-initial elementor-widget elementor-widget-text-editor\" data-id=\"848bdb2\" data-element_type=\"widget\" data-widget_type=\"text-editor.default\">\n\t\t\t\t<div class=\"elementor-widget-container\">\n\t\t\t\t\t\t\t\t\t<p>&nbsp;Cz\u0142onkowie i Partnerzy Federacji PIONIER.Id mog\u0105 zarejestrowa\u0107 dowoln\u0105 liczb\u0119 serwer\u00f3w Dostawcy Us\u0142ug.<\/p>\n<p>Dostawca us\u0142ugi mo\u017ce by\u0107 widoczny w danych konfederacji eduGAIN staj\u0105c si\u0119 w ten spos\u00f3b dost\u0119pny dla u\u017cytkownik\u00f3w z ca\u0142ego \u015bwiata. Ch\u0119\u0107 publikacji w eduGAIN nale\u017cy zaznaczy\u0107 na wniosku rejestracji us\u0142ugi.<\/p>\n<p>Proces przyst\u0105pienia do PIONIER.Id w roli cz\u0142onka jest opisany na stronie&nbsp;<a style=\"background-color: #ffffff;\" href=\"https:\/\/pionier.net.pl\/pionierid\/pionier-id\/jak-przystapic\/\">JAK PRZYST\u0104PI\u0106<\/a>&nbsp;.<\/p>\n<p>Przyst\u0105pienie w roli Partnera PIONIER.Id wymaga z\u0142o\u017cenia&nbsp;<a style=\"background-color: #ffffff;\" href=\"https:\/\/pionier.net.pl\/pionierid\/dokumenty\/PIONIER_Id_deklaracja_partn-2014-09-10.docx\">deklaracji partnera<\/a>.<\/p>\t\t\t\t\t\t\t\t<\/div>\n\t\t\t\t<\/div>\n\t\t\t\t\t<\/div>\n\t\t<\/div>\n\t\t\t\t\t<\/div>\n\t\t<\/section>\n\t\t\t\t<section class=\"elementor-section elementor-top-section elementor-element elementor-element-c33dd24 elementor-section-boxed elementor-section-height-default elementor-section-height-default\" data-id=\"c33dd24\" data-element_type=\"section\">\n\t\t\t\t\t\t<div class=\"elementor-container elementor-column-gap-default\">\n\t\t\t\t\t<div class=\"elementor-column elementor-col-100 elementor-top-column elementor-element elementor-element-82c8f80\" data-id=\"82c8f80\" data-element_type=\"column\">\n\t\t\t<div class=\"elementor-widget-wrap elementor-element-populated\">\n\t\t\t\t\t\t<div class=\"elementor-element elementor-element-7d02b87 elementor-widget__width-initial elementor-view-default elementor-widget elementor-widget-icon\" data-id=\"7d02b87\" data-element_type=\"widget\" data-widget_type=\"icon.default\">\n\t\t\t\t<div class=\"elementor-widget-container\">\n\t\t\t\t\t\t\t<div class=\"elementor-icon-wrapper\">\n\t\t\t<div class=\"elementor-icon\">\n\t\t\t<i aria-hidden=\"true\" class=\"fas fa-square-full\"><\/i>\t\t\t<\/div>\n\t\t<\/div>\n\t\t\t\t\t\t<\/div>\n\t\t\t\t<\/div>\n\t\t\t\t<div class=\"elementor-element elementor-element-55ee875 elementor-widget__width-initial elementor-widget elementor-widget-text-editor\" data-id=\"55ee875\" data-element_type=\"widget\" data-widget_type=\"text-editor.default\">\n\t\t\t\t<div class=\"elementor-widget-container\">\n\t\t\t\t\t\t\t\t\t<p>Warunki rejestracji serwera us\u0142ug:<\/p><ol><li>cz\u0142onek lub Partner Federacji instaluje serwer zgodny z SAML2;<\/li><li>odpowiednio umocowany przedstawiciel Cz\u0142onka Federacji zg\u0142asza ch\u0119\u0107 rejestracji serwera na formularzu <a href=\"https:\/\/pionier.net.pl\/pionierid\/dokumenty\/PIONIER_Id_wniosek_rejestracji_sp-2014-10-27.docx\">wniosku rejestracji SP<\/a> (jako nazw\u0119 us\u0142ugi we wniosku nale\u017cy wpisa\u0107 warto\u015bci z metadanych &#8211; entityID oraz polsk\u0105 warto\u015b\u0107 DisplayName z tagu md:SPSSODescriptor) przesy\u0142aj\u0105c go do Operatora PIONIER.Id na adres:<\/li><li>Pozna\u0144skie Centrum Superkomputerowo-Sieciowe<\/li><li>ul. Jana Paw\u0142a II 10<\/li><li>61-139 Pozna\u0144<\/li><li>z adnotacj\u0105 &#8220;Federacja PIONIER.Id&#8221;<\/li><li>administratorzy PIONIER.Id sprawdzaj\u0105 warunki przewidziane regulaminem, a w szczeg\u00f3lno\u015bci polityk\u0119 przetwarzania i ochrony danych osobowych pozyskiwanych w procesach uwierzytelniania i autoryzacji federacyjnego zarz\u0105dzania to\u017csamo\u015bci\u0105;<\/li><li>po zweryfikowaniu warunk\u00f3w oraz pozytywnym zako\u0144czeniu test\u00f3w technicznych dane serwera Dostawcy Us\u0142ug s\u0105 dodawane do zbioru metadanych Federacji PIONIER.Id.<\/li><\/ol>\t\t\t\t\t\t\t\t<\/div>\n\t\t\t\t<\/div>\n\t\t\t\t\t<\/div>\n\t\t<\/div>\n\t\t\t\t\t<\/div>\n\t\t<\/section>\n\t\t\t\t<\/div>\n\t\t","protected":false},"excerpt":{"rendered":"<p>Procedura rejestracji us\u0142ugodawc\u00f3w w Federacji PIONIER.Id &nbsp;Cz\u0142onkowie i Partnerzy Federacji PIONIER.Id mog\u0105 zarejestrowa\u0107 dowoln\u0105 liczb\u0119 serwer\u00f3w Dostawcy Us\u0142ug. Dostawca us\u0142ugi mo\u017ce by\u0107 widoczny w danych konfederacji eduGAIN staj\u0105c si\u0119 w ten spos\u00f3b dost\u0119pny dla u\u017cytkownik\u00f3w z ca\u0142ego \u015bwiata. Ch\u0119\u0107 publikacji w eduGAIN nale\u017cy zaznaczy\u0107 na wniosku rejestracji us\u0142ugi. Proces przyst\u0105pienia do PIONIER.Id w roli cz\u0142onka [&hellip;]<\/p>\n","protected":false},"author":11,"featured_media":0,"parent":0,"menu_order":0,"comment_status":"closed","ping_status":"closed","template":"elementor_header_footer","meta":{"footnotes":""},"class_list":["post-855","page","type-page","status-publish","hentry"],"_links":{"self":[{"href":"https:\/\/pionier.net.pl\/pionierid\/wp-json\/wp\/v2\/pages\/855"}],"collection":[{"href":"https:\/\/pionier.net.pl\/pionierid\/wp-json\/wp\/v2\/pages"}],"about":[{"href":"https:\/\/pionier.net.pl\/pionierid\/wp-json\/wp\/v2\/types\/page"}],"author":[{"embeddable":true,"href":"https:\/\/pionier.net.pl\/pionierid\/wp-json\/wp\/v2\/users\/11"}],"replies":[{"embeddable":true,"href":"https:\/\/pionier.net.pl\/pionierid\/wp-json\/wp\/v2\/comments?post=855"}],"version-history":[{"count":15,"href":"https:\/\/pionier.net.pl\/pionierid\/wp-json\/wp\/v2\/pages\/855\/revisions"}],"predecessor-version":[{"id":906,"href":"https:\/\/pionier.net.pl\/pionierid\/wp-json\/wp\/v2\/pages\/855\/revisions\/906"}],"wp:attachment":[{"href":"https:\/\/pionier.net.pl\/pionierid\/wp-json\/wp\/v2\/media?parent=855"}],"curies":[{"name":"wp","href":"https:\/\/api.w.org\/{rel}","templated":true}]}}