{"id":71,"date":"2022-02-10T19:09:10","date_gmt":"2022-02-10T18:09:10","guid":{"rendered":"https:\/\/pionier.net.pl\/pionierid\/?page_id=71"},"modified":"2025-04-16T14:26:33","modified_gmt":"2025-04-16T12:26:33","slug":"partnerzy","status":"publish","type":"page","link":"https:\/\/pionier.net.pl\/pionierid\/pionier-id\/partnerzy\/","title":{"rendered":"PARTNERZY"},"content":{"rendered":"\t\t<div data-elementor-type=\"wp-page\" data-elementor-id=\"71\" class=\"elementor elementor-71\">\n\t\t\t\t\t\t<section class=\"elementor-section elementor-top-section elementor-element elementor-element-a63dfbc elementor-section-boxed elementor-section-height-default elementor-section-height-default\" data-id=\"a63dfbc\" data-element_type=\"section\">\n\t\t\t\t\t\t<div class=\"elementor-container elementor-column-gap-default\">\n\t\t\t\t\t<div class=\"elementor-column elementor-col-100 elementor-top-column elementor-element elementor-element-18da220\" data-id=\"18da220\" data-element_type=\"column\">\n\t\t\t<div class=\"elementor-widget-wrap elementor-element-populated\">\n\t\t\t\t\t\t<div class=\"elementor-element elementor-element-0412697 elementor-widget elementor-widget-heading\" data-id=\"0412697\" data-element_type=\"widget\" data-widget_type=\"heading.default\">\n\t\t\t\t<div class=\"elementor-widget-container\">\n\t\t\t\t\t<h1 class=\"elementor-heading-title elementor-size-default\">Partnerzy PIONIER.Id<\/h1>\t\t\t\t<\/div>\n\t\t\t\t<\/div>\n\t\t\t\t\t<\/div>\n\t\t<\/div>\n\t\t\t\t\t<\/div>\n\t\t<\/section>\n\t\t\t\t<section class=\"elementor-section elementor-top-section elementor-element elementor-element-1536437 elementor-section-boxed elementor-section-height-default elementor-section-height-default\" data-id=\"1536437\" data-element_type=\"section\">\n\t\t\t\t\t\t<div class=\"elementor-container elementor-column-gap-default\">\n\t\t\t\t\t<div class=\"elementor-column elementor-col-100 elementor-top-column elementor-element elementor-element-d84901e\" data-id=\"d84901e\" data-element_type=\"column\">\n\t\t\t<div class=\"elementor-widget-wrap elementor-element-populated\">\n\t\t\t\t\t\t\t<\/div>\n\t\t<\/div>\n\t\t\t\t\t<\/div>\n\t\t<\/section>\n\t\t\t\t<section class=\"elementor-section elementor-top-section elementor-element elementor-element-b14b49b elementor-section-boxed elementor-section-height-default elementor-section-height-default\" data-id=\"b14b49b\" data-element_type=\"section\">\n\t\t\t\t\t\t<div class=\"elementor-container elementor-column-gap-default\">\n\t\t\t\t\t<div class=\"elementor-column elementor-col-100 elementor-top-column elementor-element elementor-element-162137e\" data-id=\"162137e\" data-element_type=\"column\">\n\t\t\t<div class=\"elementor-widget-wrap elementor-element-populated\">\n\t\t\t\t\t\t<div class=\"elementor-element elementor-element-36d5af2 elementor-widget__width-initial elementor-widget elementor-widget-text-editor\" data-id=\"36d5af2\" data-element_type=\"widget\" data-widget_type=\"text-editor.default\">\n\t\t\t\t<div class=\"elementor-widget-container\">\n\t\t\t\t\t\t\t\t\t<p>1.<\/p>\t\t\t\t\t\t\t\t<\/div>\n\t\t\t\t<\/div>\n\t\t\t\t<div class=\"elementor-element elementor-element-67d8688 elementor-widget__width-initial elementor-widget elementor-widget-text-editor\" data-id=\"67d8688\" data-element_type=\"widget\" data-widget_type=\"text-editor.default\">\n\t\t\t\t<div class=\"elementor-widget-container\">\n\t\t\t\t\t\t\t\t\t<p><a style=\"background-color: #ffffff;\" href=\"http:\/\/www.ebsco.com\/\">EBSCO Information Services<\/a><\/p>\t\t\t\t\t\t\t\t<\/div>\n\t\t\t\t<\/div>\n\t\t\t\t\t<\/div>\n\t\t<\/div>\n\t\t\t\t\t<\/div>\n\t\t<\/section>\n\t\t\t\t<section class=\"elementor-section elementor-top-section elementor-element elementor-element-cd3187a elementor-section-boxed elementor-section-height-default elementor-section-height-default\" data-id=\"cd3187a\" data-element_type=\"section\">\n\t\t\t\t\t\t<div class=\"elementor-container elementor-column-gap-default\">\n\t\t\t\t\t<div class=\"elementor-column elementor-col-100 elementor-top-column elementor-element elementor-element-f1018c8\" data-id=\"f1018c8\" data-element_type=\"column\">\n\t\t\t<div class=\"elementor-widget-wrap elementor-element-populated\">\n\t\t\t\t\t\t<div class=\"elementor-element elementor-element-e100d7b elementor-widget__width-initial elementor-widget elementor-widget-text-editor\" data-id=\"e100d7b\" data-element_type=\"widget\" data-widget_type=\"text-editor.default\">\n\t\t\t\t<div class=\"elementor-widget-container\">\n\t\t\t\t\t\t\t\t\t<p>2.<\/p>\t\t\t\t\t\t\t\t<\/div>\n\t\t\t\t<\/div>\n\t\t\t\t<div class=\"elementor-element elementor-element-0008d42 elementor-widget__width-initial elementor-widget elementor-widget-text-editor\" data-id=\"0008d42\" data-element_type=\"widget\" data-widget_type=\"text-editor.default\">\n\t\t\t\t<div class=\"elementor-widget-container\">\n\t\t\t\t\t\t\t\t\t<p><a style=\"background-color: #ffffff;\" href=\"http:\/\/www.muni.cz\/ics\">Institute of Computer Science, Masaryk University<\/a><\/p>\t\t\t\t\t\t\t\t<\/div>\n\t\t\t\t<\/div>\n\t\t\t\t\t<\/div>\n\t\t<\/div>\n\t\t\t\t\t<\/div>\n\t\t<\/section>\n\t\t\t\t<section class=\"elementor-section elementor-top-section elementor-element elementor-element-90d6fae elementor-section-boxed elementor-section-height-default elementor-section-height-default\" data-id=\"90d6fae\" data-element_type=\"section\">\n\t\t\t\t\t\t<div class=\"elementor-container elementor-column-gap-default\">\n\t\t\t\t\t<div class=\"elementor-column elementor-col-100 elementor-top-column elementor-element elementor-element-a401c51\" data-id=\"a401c51\" data-element_type=\"column\">\n\t\t\t<div class=\"elementor-widget-wrap elementor-element-populated\">\n\t\t\t\t\t\t\t<\/div>\n\t\t<\/div>\n\t\t\t\t\t<\/div>\n\t\t<\/section>\n\t\t\t\t<section class=\"elementor-section elementor-top-section elementor-element elementor-element-c2203cc elementor-section-boxed elementor-section-height-default elementor-section-height-default\" data-id=\"c2203cc\" data-element_type=\"section\">\n\t\t\t\t\t\t<div class=\"elementor-container elementor-column-gap-default\">\n\t\t\t\t\t<div class=\"elementor-column elementor-col-100 elementor-top-column elementor-element elementor-element-312f376\" data-id=\"312f376\" data-element_type=\"column\">\n\t\t\t<div class=\"elementor-widget-wrap elementor-element-populated\">\n\t\t\t\t\t\t<div class=\"elementor-element elementor-element-62983f2 elementor-widget__width-initial elementor-widget elementor-widget-text-editor\" data-id=\"62983f2\" data-element_type=\"widget\" data-widget_type=\"text-editor.default\">\n\t\t\t\t<div class=\"elementor-widget-container\">\n\t\t\t\t\t\t\t\t\t<p>Dzi\u0119ki temu, \u017ce PIONIER.Id jest cz\u0142onkiem konfederacji eduGAIN, u\u017cytkownicy mog\u0105 te\u017c korzysta\u0107 <br>z ponad 3200 us\u0142ug zarejestrowanych w innych stowarzyszonych federacjach.<\/p>\t\t\t\t\t\t\t\t<\/div>\n\t\t\t\t<\/div>\n\t\t\t\t\t<\/div>\n\t\t<\/div>\n\t\t\t\t\t<\/div>\n\t\t<\/section>\n\t\t\t\t<\/div>\n\t\t","protected":false},"excerpt":{"rendered":"<p>Partnerzy PIONIER.Id 1. EBSCO Information Services 2. Institute of Computer Science, Masaryk University Dzi\u0119ki temu, \u017ce PIONIER.Id jest cz\u0142onkiem konfederacji eduGAIN, u\u017cytkownicy mog\u0105 te\u017c korzysta\u0107 z ponad 3200 us\u0142ug zarejestrowanych w innych stowarzyszonych federacjach.<\/p>\n","protected":false},"author":11,"featured_media":0,"parent":8,"menu_order":0,"comment_status":"closed","ping_status":"closed","template":"elementor_header_footer","meta":{"footnotes":""},"class_list":["post-71","page","type-page","status-publish","hentry"],"_links":{"self":[{"href":"https:\/\/pionier.net.pl\/pionierid\/wp-json\/wp\/v2\/pages\/71"}],"collection":[{"href":"https:\/\/pionier.net.pl\/pionierid\/wp-json\/wp\/v2\/pages"}],"about":[{"href":"https:\/\/pionier.net.pl\/pionierid\/wp-json\/wp\/v2\/types\/page"}],"author":[{"embeddable":true,"href":"https:\/\/pionier.net.pl\/pionierid\/wp-json\/wp\/v2\/users\/11"}],"replies":[{"embeddable":true,"href":"https:\/\/pionier.net.pl\/pionierid\/wp-json\/wp\/v2\/comments?post=71"}],"version-history":[{"count":1,"href":"https:\/\/pionier.net.pl\/pionierid\/wp-json\/wp\/v2\/pages\/71\/revisions"}],"predecessor-version":[{"id":891,"href":"https:\/\/pionier.net.pl\/pionierid\/wp-json\/wp\/v2\/pages\/71\/revisions\/891"}],"up":[{"embeddable":true,"href":"https:\/\/pionier.net.pl\/pionierid\/wp-json\/wp\/v2\/pages\/8"}],"wp:attachment":[{"href":"https:\/\/pionier.net.pl\/pionierid\/wp-json\/wp\/v2\/media?parent=71"}],"curies":[{"name":"wp","href":"https:\/\/api.w.org\/{rel}","templated":true}]}}