{"id":44,"date":"2022-02-10T19:00:47","date_gmt":"2022-02-10T18:00:47","guid":{"rendered":"https:\/\/pionier.net.pl\/pionierid\/?page_id=44"},"modified":"2025-04-29T13:52:49","modified_gmt":"2025-04-29T11:52:49","slug":"metadane","status":"publish","type":"page","link":"https:\/\/pionier.net.pl\/pionierid\/pionier-id\/metadane\/","title":{"rendered":"METADANE"},"content":{"rendered":"\t\t<div data-elementor-type=\"wp-page\" data-elementor-id=\"44\" class=\"elementor elementor-44\">\n\t\t\t\t\t\t<section class=\"elementor-section elementor-top-section elementor-element elementor-element-bd62fb0 elementor-section-boxed elementor-section-height-default elementor-section-height-default\" data-id=\"bd62fb0\" data-element_type=\"section\">\n\t\t\t\t\t\t<div class=\"elementor-container elementor-column-gap-default\">\n\t\t\t\t\t<div class=\"elementor-column elementor-col-100 elementor-top-column elementor-element elementor-element-edd8a72\" data-id=\"edd8a72\" data-element_type=\"column\">\n\t\t\t<div class=\"elementor-widget-wrap elementor-element-populated\">\n\t\t\t\t\t\t<div class=\"elementor-element elementor-element-3cc616d elementor-widget elementor-widget-heading\" data-id=\"3cc616d\" data-element_type=\"widget\" data-widget_type=\"heading.default\">\n\t\t\t\t<div class=\"elementor-widget-container\">\n\t\t\t\t\t<h1 class=\"elementor-heading-title elementor-size-default\">Metadane federacji<\/h1>\t\t\t\t<\/div>\n\t\t\t\t<\/div>\n\t\t\t\t\t<\/div>\n\t\t<\/div>\n\t\t\t\t\t<\/div>\n\t\t<\/section>\n\t\t\t\t<section class=\"elementor-section elementor-top-section elementor-element elementor-element-2e98c5d elementor-section-boxed elementor-section-height-default elementor-section-height-default\" data-id=\"2e98c5d\" data-element_type=\"section\">\n\t\t\t\t\t\t<div class=\"elementor-container elementor-column-gap-default\">\n\t\t\t\t\t<div class=\"elementor-column elementor-col-100 elementor-top-column elementor-element elementor-element-06a3efa\" data-id=\"06a3efa\" data-element_type=\"column\">\n\t\t\t<div class=\"elementor-widget-wrap elementor-element-populated\">\n\t\t\t\t\t\t<div class=\"elementor-element elementor-element-ce4869c elementor-widget__width-initial elementor-widget elementor-widget-text-editor\" data-id=\"ce4869c\" data-element_type=\"widget\" data-widget_type=\"text-editor.default\">\n\t\t\t\t<div class=\"elementor-widget-container\">\n\t\t\t\t\t\t\t\t\t<p>Do wyboru s\u0105 nast\u0119puj\u0105ce zbiory metadanych:<\/p>\t\t\t\t\t\t\t\t<\/div>\n\t\t\t\t<\/div>\n\t\t\t\t\t<\/div>\n\t\t<\/div>\n\t\t\t\t\t<\/div>\n\t\t<\/section>\n\t\t\t\t<section class=\"elementor-section elementor-top-section elementor-element elementor-element-b6247f4 elementor-section-boxed elementor-section-height-default elementor-section-height-default\" data-id=\"b6247f4\" data-element_type=\"section\">\n\t\t\t\t\t\t<div class=\"elementor-container elementor-column-gap-default\">\n\t\t\t\t\t<div class=\"elementor-column elementor-col-100 elementor-top-column elementor-element elementor-element-532e60f\" data-id=\"532e60f\" data-element_type=\"column\">\n\t\t\t<div class=\"elementor-widget-wrap elementor-element-populated\">\n\t\t\t\t\t\t<div class=\"elementor-element elementor-element-6f35e51 elementor-widget__width-initial elementor-view-default elementor-widget elementor-widget-icon\" data-id=\"6f35e51\" data-element_type=\"widget\" data-widget_type=\"icon.default\">\n\t\t\t\t<div class=\"elementor-widget-container\">\n\t\t\t\t\t\t\t<div class=\"elementor-icon-wrapper\">\n\t\t\t<div class=\"elementor-icon\">\n\t\t\t<i aria-hidden=\"true\" class=\"fas fa-square-full\"><\/i>\t\t\t<\/div>\n\t\t<\/div>\n\t\t\t\t\t\t<\/div>\n\t\t\t\t<\/div>\n\t\t\t\t<div class=\"elementor-element elementor-element-c578dbf elementor-widget__width-initial elementor-widget elementor-widget-text-editor\" data-id=\"c578dbf\" data-element_type=\"widget\" data-widget_type=\"text-editor.default\">\n\t\t\t\t<div class=\"elementor-widget-container\">\n\t\t\t\t\t\t\t\t\t<p><a href=\"https:\/\/aai.pionier.net.pl\/pionierid.xml\">https:\/\/aai.pionier.net.pl\/pionierid.xml<\/a><\/p>\t\t\t\t\t\t\t\t<\/div>\n\t\t\t\t<\/div>\n\t\t\t\t\t<\/div>\n\t\t<\/div>\n\t\t\t\t\t<\/div>\n\t\t<\/section>\n\t\t\t\t<section class=\"elementor-section elementor-top-section elementor-element elementor-element-9fa0590 elementor-section-boxed elementor-section-height-default elementor-section-height-default\" data-id=\"9fa0590\" data-element_type=\"section\">\n\t\t\t\t\t\t<div class=\"elementor-container elementor-column-gap-default\">\n\t\t\t\t\t<div class=\"elementor-column elementor-col-100 elementor-top-column elementor-element elementor-element-82a5616\" data-id=\"82a5616\" data-element_type=\"column\">\n\t\t\t<div class=\"elementor-widget-wrap elementor-element-populated\">\n\t\t\t\t\t\t<div class=\"elementor-element elementor-element-65524cf elementor-widget__width-initial elementor-widget elementor-widget-text-editor\" data-id=\"65524cf\" data-element_type=\"widget\" data-widget_type=\"text-editor.default\">\n\t\t\t\t<div class=\"elementor-widget-container\">\n\t\t\t\t\t\t\t\t\t<p>Metadane PIONIER.Id. Ten zbi\u00f3r jest przeznaczony dla cz\u0142onk\u00f3w <br>i partner\u00f3w PIONIER.Id, kt\u00f3rzy nie zg\u0142osili ch\u0119ci udzia\u0142u w eduGAIN.<\/p>\t\t\t\t\t\t\t\t<\/div>\n\t\t\t\t<\/div>\n\t\t\t\t\t<\/div>\n\t\t<\/div>\n\t\t\t\t\t<\/div>\n\t\t<\/section>\n\t\t\t\t<section class=\"elementor-section elementor-top-section elementor-element elementor-element-0308483 elementor-section-boxed elementor-section-height-default elementor-section-height-default\" data-id=\"0308483\" data-element_type=\"section\">\n\t\t\t\t\t\t<div class=\"elementor-container elementor-column-gap-default\">\n\t\t\t\t\t<div class=\"elementor-column elementor-col-100 elementor-top-column elementor-element elementor-element-918eeca\" data-id=\"918eeca\" data-element_type=\"column\">\n\t\t\t<div class=\"elementor-widget-wrap elementor-element-populated\">\n\t\t\t\t\t\t<div class=\"elementor-element elementor-element-db7f889 elementor-widget__width-initial elementor-view-default elementor-widget elementor-widget-icon\" data-id=\"db7f889\" data-element_type=\"widget\" data-widget_type=\"icon.default\">\n\t\t\t\t<div class=\"elementor-widget-container\">\n\t\t\t\t\t\t\t<div class=\"elementor-icon-wrapper\">\n\t\t\t<div class=\"elementor-icon\">\n\t\t\t<i aria-hidden=\"true\" class=\"fas fa-square-full\"><\/i>\t\t\t<\/div>\n\t\t<\/div>\n\t\t\t\t\t\t<\/div>\n\t\t\t\t<\/div>\n\t\t\t\t<div class=\"elementor-element elementor-element-8f5a118 elementor-widget__width-initial elementor-widget elementor-widget-text-editor\" data-id=\"8f5a118\" data-element_type=\"widget\" data-widget_type=\"text-editor.default\">\n\t\t\t\t<div class=\"elementor-widget-container\">\n\t\t\t\t\t\t\t\t\t<p><a href=\"https:\/\/aai.pionier.net.pl\/pionierid-edugain-feed.xml\">https:\/\/aai.pionier.net.pl\/pionierid-edugain-feed.xml<\/a><\/p>\t\t\t\t\t\t\t\t<\/div>\n\t\t\t\t<\/div>\n\t\t\t\t\t<\/div>\n\t\t<\/div>\n\t\t\t\t\t<\/div>\n\t\t<\/section>\n\t\t\t\t<section class=\"elementor-section elementor-top-section elementor-element elementor-element-f889d30 elementor-section-boxed elementor-section-height-default elementor-section-height-default\" data-id=\"f889d30\" data-element_type=\"section\">\n\t\t\t\t\t\t<div class=\"elementor-container elementor-column-gap-default\">\n\t\t\t\t\t<div class=\"elementor-column elementor-col-100 elementor-top-column elementor-element elementor-element-b6dafdb\" data-id=\"b6dafdb\" data-element_type=\"column\">\n\t\t\t<div class=\"elementor-widget-wrap elementor-element-populated\">\n\t\t\t\t\t\t<div class=\"elementor-element elementor-element-ce613f0 elementor-widget__width-initial elementor-widget elementor-widget-text-editor\" data-id=\"ce613f0\" data-element_type=\"widget\" data-widget_type=\"text-editor.default\">\n\t\t\t\t<div class=\"elementor-widget-container\">\n\t\t\t\t\t\t\t\t\t<p>Metadane PIONIER.Id po\u0142\u0105czone z metadanymi eduGAIN. Ten zbi\u00f3r jest przeznaczony dla cz\u0142onk\u00f3w i partner\u00f3w, kt\u00f3rzy bior\u0105 udzia\u0142 w eduGAIN i maj\u0105 potrzeb\u0119 korzystania z pe\u0142nego zbioru zawieraj\u0105cego zar\u00f3wno IdP jak i SP.<\/p>\t\t\t\t\t\t\t\t<\/div>\n\t\t\t\t<\/div>\n\t\t\t\t\t<\/div>\n\t\t<\/div>\n\t\t\t\t\t<\/div>\n\t\t<\/section>\n\t\t\t\t<section class=\"elementor-section elementor-top-section elementor-element elementor-element-ed73a0c elementor-section-boxed elementor-section-height-default elementor-section-height-default\" data-id=\"ed73a0c\" data-element_type=\"section\">\n\t\t\t\t\t\t<div class=\"elementor-container elementor-column-gap-default\">\n\t\t\t\t\t<div class=\"elementor-column elementor-col-100 elementor-top-column elementor-element elementor-element-4aee601\" data-id=\"4aee601\" data-element_type=\"column\">\n\t\t\t<div class=\"elementor-widget-wrap elementor-element-populated\">\n\t\t\t\t\t\t<div class=\"elementor-element elementor-element-3a95553 elementor-widget__width-initial elementor-view-default elementor-widget elementor-widget-icon\" data-id=\"3a95553\" data-element_type=\"widget\" data-widget_type=\"icon.default\">\n\t\t\t\t<div class=\"elementor-widget-container\">\n\t\t\t\t\t\t\t<div class=\"elementor-icon-wrapper\">\n\t\t\t<div class=\"elementor-icon\">\n\t\t\t<i aria-hidden=\"true\" class=\"fas fa-square-full\"><\/i>\t\t\t<\/div>\n\t\t<\/div>\n\t\t\t\t\t\t<\/div>\n\t\t\t\t<\/div>\n\t\t\t\t<div class=\"elementor-element elementor-element-5c44225 elementor-widget__width-initial elementor-widget elementor-widget-text-editor\" data-id=\"5c44225\" data-element_type=\"widget\" data-widget_type=\"text-editor.default\">\n\t\t\t\t<div class=\"elementor-widget-container\">\n\t\t\t\t\t\t\t\t\t<p><a href=\"https:\/\/aai.pionier.net.pl\/pionierid-edugain-idp-feed.xml\">https:\/\/aai.pionier.net.pl\/pionierid-edugain-idp-feed.xml<\/a><\/p>\t\t\t\t\t\t\t\t<\/div>\n\t\t\t\t<\/div>\n\t\t\t\t\t<\/div>\n\t\t<\/div>\n\t\t\t\t\t<\/div>\n\t\t<\/section>\n\t\t\t\t<section class=\"elementor-section elementor-top-section elementor-element elementor-element-1da5de3 elementor-section-boxed elementor-section-height-default elementor-section-height-default\" data-id=\"1da5de3\" data-element_type=\"section\">\n\t\t\t\t\t\t<div class=\"elementor-container elementor-column-gap-default\">\n\t\t\t\t\t<div class=\"elementor-column elementor-col-100 elementor-top-column elementor-element elementor-element-76b7494\" data-id=\"76b7494\" data-element_type=\"column\">\n\t\t\t<div class=\"elementor-widget-wrap elementor-element-populated\">\n\t\t\t\t\t\t<div class=\"elementor-element elementor-element-e954ad0 elementor-widget__width-initial elementor-widget elementor-widget-text-editor\" data-id=\"e954ad0\" data-element_type=\"widget\" data-widget_type=\"text-editor.default\">\n\t\t\t\t<div class=\"elementor-widget-container\">\n\t\t\t\t\t\t\t\t\t<p>Metadane IdP pochodz\u0105cych z PIONIER.Id i eduGAIN. Ten zbi\u00f3r jest przeznaczony dla Dostawc\u00f3w Us\u0142ug, kt\u00f3rzy bior\u0105 udzia\u0142 w eduGAIN.<\/p>\t\t\t\t\t\t\t\t<\/div>\n\t\t\t\t<\/div>\n\t\t\t\t\t<\/div>\n\t\t<\/div>\n\t\t\t\t\t<\/div>\n\t\t<\/section>\n\t\t\t\t<section class=\"elementor-section elementor-top-section elementor-element elementor-element-c6bba6c elementor-section-boxed elementor-section-height-default elementor-section-height-default\" data-id=\"c6bba6c\" data-element_type=\"section\">\n\t\t\t\t\t\t<div class=\"elementor-container elementor-column-gap-default\">\n\t\t\t\t\t<div class=\"elementor-column elementor-col-100 elementor-top-column elementor-element elementor-element-a351a71\" data-id=\"a351a71\" data-element_type=\"column\">\n\t\t\t<div class=\"elementor-widget-wrap elementor-element-populated\">\n\t\t\t\t\t\t<div class=\"elementor-element elementor-element-f1facb2 elementor-widget__width-initial elementor-view-default elementor-widget elementor-widget-icon\" data-id=\"f1facb2\" data-element_type=\"widget\" data-widget_type=\"icon.default\">\n\t\t\t\t<div class=\"elementor-widget-container\">\n\t\t\t\t\t\t\t<div class=\"elementor-icon-wrapper\">\n\t\t\t<div class=\"elementor-icon\">\n\t\t\t<i aria-hidden=\"true\" class=\"fas fa-square-full\"><\/i>\t\t\t<\/div>\n\t\t<\/div>\n\t\t\t\t\t\t<\/div>\n\t\t\t\t<\/div>\n\t\t\t\t<div class=\"elementor-element elementor-element-bacef7d elementor-widget__width-initial elementor-widget elementor-widget-text-editor\" data-id=\"bacef7d\" data-element_type=\"widget\" data-widget_type=\"text-editor.default\">\n\t\t\t\t<div class=\"elementor-widget-container\">\n\t\t\t\t\t\t\t\t\t<p><a href=\"https:\/\/aai.pionier.net.pl\/pionierid-edugain-sp-feed.xml\">https:\/\/aai.pionier.net.pl\/pionierid-edugain-sp-feed.xml<\/a><\/p>\t\t\t\t\t\t\t\t<\/div>\n\t\t\t\t<\/div>\n\t\t\t\t\t<\/div>\n\t\t<\/div>\n\t\t\t\t\t<\/div>\n\t\t<\/section>\n\t\t\t\t<section class=\"elementor-section elementor-top-section elementor-element elementor-element-a1ef98e elementor-section-boxed elementor-section-height-default elementor-section-height-default\" data-id=\"a1ef98e\" data-element_type=\"section\">\n\t\t\t\t\t\t<div class=\"elementor-container elementor-column-gap-default\">\n\t\t\t\t\t<div class=\"elementor-column elementor-col-100 elementor-top-column elementor-element elementor-element-ac2d546\" data-id=\"ac2d546\" data-element_type=\"column\">\n\t\t\t<div class=\"elementor-widget-wrap elementor-element-populated\">\n\t\t\t\t\t\t<div class=\"elementor-element elementor-element-f6b4edf elementor-widget__width-initial elementor-widget elementor-widget-text-editor\" data-id=\"f6b4edf\" data-element_type=\"widget\" data-widget_type=\"text-editor.default\">\n\t\t\t\t<div class=\"elementor-widget-container\">\n\t\t\t\t\t\t\t\t\t<p>Metadane SP pochodz\u0105cych z PIONIER.Id i eduGAIN. Ten zbi\u00f3r jest przeznaczony dla Dostawc\u00f3w To\u017csamo\u015bci, kt\u00f3rzy bior\u0105 udzia\u0142 w eduGAIN.<\/p>\t\t\t\t\t\t\t\t<\/div>\n\t\t\t\t<\/div>\n\t\t\t\t\t<\/div>\n\t\t<\/div>\n\t\t\t\t\t<\/div>\n\t\t<\/section>\n\t\t\t\t<section class=\"elementor-section elementor-top-section elementor-element elementor-element-dbac721 elementor-section-boxed elementor-section-height-default elementor-section-height-default\" data-id=\"dbac721\" data-element_type=\"section\">\n\t\t\t\t\t\t<div class=\"elementor-container elementor-column-gap-default\">\n\t\t\t\t\t<div class=\"elementor-column elementor-col-100 elementor-top-column elementor-element elementor-element-215d2db\" data-id=\"215d2db\" data-element_type=\"column\">\n\t\t\t<div class=\"elementor-widget-wrap elementor-element-populated\">\n\t\t\t\t\t\t<div class=\"elementor-element elementor-element-d01ee65 elementor-widget__width-initial elementor-widget elementor-widget-text-editor\" data-id=\"d01ee65\" data-element_type=\"widget\" data-widget_type=\"text-editor.default\">\n\t\t\t\t<div class=\"elementor-widget-container\">\n\t\t\t\t\t\t\t\t\t<p>Metadane s\u0105 od\u015bwie\u017cane co godzin\u0119.<\/p>\t\t\t\t\t\t\t\t<\/div>\n\t\t\t\t<\/div>\n\t\t\t\t\t<\/div>\n\t\t<\/div>\n\t\t\t\t\t<\/div>\n\t\t<\/section>\n\t\t\t\t<section class=\"elementor-section elementor-top-section elementor-element elementor-element-9f5c7b8 elementor-section-boxed elementor-section-height-default elementor-section-height-default\" data-id=\"9f5c7b8\" data-element_type=\"section\">\n\t\t\t\t\t\t<div class=\"elementor-container elementor-column-gap-default\">\n\t\t\t\t\t<div class=\"elementor-column elementor-col-100 elementor-top-column elementor-element elementor-element-704d8ec\" data-id=\"704d8ec\" data-element_type=\"column\">\n\t\t\t<div class=\"elementor-widget-wrap elementor-element-populated\">\n\t\t\t\t\t\t<div class=\"elementor-element elementor-element-7a15c92 elementor-widget elementor-widget-heading\" data-id=\"7a15c92\" data-element_type=\"widget\" data-widget_type=\"heading.default\">\n\t\t\t\t<div class=\"elementor-widget-container\">\n\t\t\t\t\t<h2 class=\"elementor-heading-title elementor-size-default\">Certyfikat podpisuj\u0105cy metadane Federacji<\/h2>\t\t\t\t<\/div>\n\t\t\t\t<\/div>\n\t\t\t\t\t<\/div>\n\t\t<\/div>\n\t\t\t\t\t<\/div>\n\t\t<\/section>\n\t\t\t\t<section class=\"elementor-section elementor-top-section elementor-element elementor-element-b3cb855 elementor-section-boxed elementor-section-height-default elementor-section-height-default\" data-id=\"b3cb855\" data-element_type=\"section\">\n\t\t\t\t\t\t<div class=\"elementor-container elementor-column-gap-default\">\n\t\t\t\t\t<div class=\"elementor-column elementor-col-100 elementor-top-column elementor-element elementor-element-616791a\" data-id=\"616791a\" data-element_type=\"column\">\n\t\t\t<div class=\"elementor-widget-wrap elementor-element-populated\">\n\t\t\t\t\t\t<div class=\"elementor-element elementor-element-f8d7bc5 elementor-widget__width-initial elementor-widget elementor-widget-text-editor\" data-id=\"f8d7bc5\" data-element_type=\"widget\" data-widget_type=\"text-editor.default\">\n\t\t\t\t<div class=\"elementor-widget-container\">\n\t\t\t\t\t\t\t\t\t<p><a href=\"https:\/\/pionier.net.pl\/pionierid\/PIONIER.Id.cer\">PIONIER.Id.cer &#8211; DER<\/a> i <a href=\"https:\/\/pionier.net.pl\/pionierid\/PIONIER.Id.pem\">PIONIER.Id.pem &#8211; PEM<\/a>. <br \/>Fingerprint SHA1 Certyfikatu:\u00a0<br \/><b><span style=\"white-space-collapse: preserve;\">93:AC:67:6F:1F:07:5B:4E:72:9F:92:88:16:35:D5:A3:52:B8:52:72<\/span><br \/><\/b><\/p><p>Fingerprint SHA-256 Certyfikatu:\u00a0<br \/><span style=\"white-space-collapse: preserve;\"><b>8A:5C:34:15:C2:F6:95:F6:4E:3D:3D:FE:FE:60:7F:E1:3D:59:02:F7:CA:30:8E:EB:62:F3:87:34:CD:8B:D4:19<\/b><\/span><\/p>\t\t\t\t\t\t\t\t<\/div>\n\t\t\t\t<\/div>\n\t\t\t\t\t<\/div>\n\t\t<\/div>\n\t\t\t\t\t<\/div>\n\t\t<\/section>\n\t\t\t\t<\/div>\n\t\t","protected":false},"excerpt":{"rendered":"<p>Metadane federacji Do wyboru s\u0105 nast\u0119puj\u0105ce zbiory metadanych: https:\/\/aai.pionier.net.pl\/pionierid.xml Metadane PIONIER.Id. Ten zbi\u00f3r jest przeznaczony dla cz\u0142onk\u00f3w i partner\u00f3w PIONIER.Id, kt\u00f3rzy nie zg\u0142osili ch\u0119ci udzia\u0142u w eduGAIN. https:\/\/aai.pionier.net.pl\/pionierid-edugain-feed.xml Metadane PIONIER.Id po\u0142\u0105czone z metadanymi eduGAIN. Ten zbi\u00f3r jest przeznaczony dla cz\u0142onk\u00f3w i partner\u00f3w, kt\u00f3rzy bior\u0105 udzia\u0142 w eduGAIN i maj\u0105 potrzeb\u0119 korzystania z pe\u0142nego zbioru zawieraj\u0105cego [&hellip;]<\/p>\n","protected":false},"author":11,"featured_media":0,"parent":8,"menu_order":0,"comment_status":"closed","ping_status":"closed","template":"elementor_header_footer","meta":{"footnotes":""},"class_list":["post-44","page","type-page","status-publish","hentry"],"_links":{"self":[{"href":"https:\/\/pionier.net.pl\/pionierid\/wp-json\/wp\/v2\/pages\/44"}],"collection":[{"href":"https:\/\/pionier.net.pl\/pionierid\/wp-json\/wp\/v2\/pages"}],"about":[{"href":"https:\/\/pionier.net.pl\/pionierid\/wp-json\/wp\/v2\/types\/page"}],"author":[{"embeddable":true,"href":"https:\/\/pionier.net.pl\/pionierid\/wp-json\/wp\/v2\/users\/11"}],"replies":[{"embeddable":true,"href":"https:\/\/pionier.net.pl\/pionierid\/wp-json\/wp\/v2\/comments?post=44"}],"version-history":[{"count":16,"href":"https:\/\/pionier.net.pl\/pionierid\/wp-json\/wp\/v2\/pages\/44\/revisions"}],"predecessor-version":[{"id":928,"href":"https:\/\/pionier.net.pl\/pionierid\/wp-json\/wp\/v2\/pages\/44\/revisions\/928"}],"up":[{"embeddable":true,"href":"https:\/\/pionier.net.pl\/pionierid\/wp-json\/wp\/v2\/pages\/8"}],"wp:attachment":[{"href":"https:\/\/pionier.net.pl\/pionierid\/wp-json\/wp\/v2\/media?parent=44"}],"curies":[{"name":"wp","href":"https:\/\/api.w.org\/{rel}","templated":true}]}}