{"id":37,"date":"2022-02-10T18:52:36","date_gmt":"2022-02-10T17:52:36","guid":{"rendered":"https:\/\/pionier.net.pl\/pionierid\/?page_id=37"},"modified":"2025-04-16T14:26:33","modified_gmt":"2025-04-16T12:26:33","slug":"czlonkowie","status":"publish","type":"page","link":"https:\/\/pionier.net.pl\/pionierid\/pionier-id\/czlonkowie\/","title":{"rendered":"CZ\u0141ONKOWIE"},"content":{"rendered":"\t\t<div data-elementor-type=\"wp-page\" data-elementor-id=\"37\" class=\"elementor elementor-37\">\n\t\t\t\t\t\t<section class=\"elementor-section elementor-top-section elementor-element elementor-element-268f591 elementor-section-boxed elementor-section-height-default elementor-section-height-default\" data-id=\"268f591\" data-element_type=\"section\">\n\t\t\t\t\t\t<div class=\"elementor-container elementor-column-gap-default\">\n\t\t\t\t\t<div class=\"elementor-column elementor-col-100 elementor-top-column elementor-element elementor-element-056c339\" data-id=\"056c339\" data-element_type=\"column\">\n\t\t\t<div class=\"elementor-widget-wrap elementor-element-populated\">\n\t\t\t\t\t\t<div class=\"elementor-element elementor-element-50aefce elementor-widget elementor-widget-heading\" data-id=\"50aefce\" data-element_type=\"widget\" data-widget_type=\"heading.default\">\n\t\t\t\t<div class=\"elementor-widget-container\">\n\t\t\t\t\t<h1 class=\"elementor-heading-title elementor-size-default\">Cz\u0142onkowie PIONIER.Id<\/h1>\t\t\t\t<\/div>\n\t\t\t\t<\/div>\n\t\t\t\t\t<\/div>\n\t\t<\/div>\n\t\t\t\t\t<\/div>\n\t\t<\/section>\n\t\t\t\t<section class=\"elementor-section elementor-top-section elementor-element elementor-element-9e999d2 elementor-section-boxed elementor-section-height-default elementor-section-height-default\" data-id=\"9e999d2\" data-element_type=\"section\">\n\t\t\t\t\t\t<div class=\"elementor-container elementor-column-gap-default\">\n\t\t\t\t\t<div class=\"elementor-column elementor-col-100 elementor-top-column elementor-element elementor-element-0ea779b\" data-id=\"0ea779b\" data-element_type=\"column\">\n\t\t\t<div class=\"elementor-widget-wrap elementor-element-populated\">\n\t\t\t\t\t\t<div class=\"elementor-element elementor-element-78cda1d elementor-widget__width-initial elementor-widget elementor-widget-text-editor\" data-id=\"78cda1d\" data-element_type=\"widget\" data-widget_type=\"text-editor.default\">\n\t\t\t\t<div class=\"elementor-widget-container\">\n\t\t\t\t\t\t\t\t\t<p>Cz\u0142onkowie aktywni (udost\u0119pniaj\u0105cy metadane &#8211; w nawiasie data rejestracji ostatniej wersji metadanych)<\/p>\t\t\t\t\t\t\t\t<\/div>\n\t\t\t\t<\/div>\n\t\t\t\t\t<\/div>\n\t\t<\/div>\n\t\t\t\t\t<\/div>\n\t\t<\/section>\n\t\t\t\t<section class=\"elementor-section elementor-top-section elementor-element elementor-element-c9f4b9f elementor-section-boxed elementor-section-height-default elementor-section-height-default\" data-id=\"c9f4b9f\" data-element_type=\"section\">\n\t\t\t\t\t\t<div class=\"elementor-container elementor-column-gap-default\">\n\t\t\t\t\t<div class=\"elementor-column elementor-col-100 elementor-top-column elementor-element elementor-element-3584d99\" data-id=\"3584d99\" data-element_type=\"column\">\n\t\t\t<div class=\"elementor-widget-wrap elementor-element-populated\">\n\t\t\t\t\t\t<section class=\"elementor-section elementor-inner-section elementor-element elementor-element-82e95b8 elementor-section-boxed elementor-section-height-default elementor-section-height-default\" data-id=\"82e95b8\" data-element_type=\"section\">\n\t\t\t\t\t\t<div class=\"elementor-container elementor-column-gap-default\">\n\t\t\t\t\t<div class=\"elementor-column elementor-col-100 elementor-inner-column elementor-element elementor-element-2785004 man_dynamic_list\" data-id=\"2785004\" data-element_type=\"column\">\n\t\t\t<div class=\"elementor-widget-wrap elementor-element-populated\">\n\t\t\t\t\t\t<div class=\"elementor-element elementor-element-202bdb5 elementor-widget elementor-widget-heading\" data-id=\"202bdb5\" data-element_type=\"widget\" data-widget_type=\"heading.default\">\n\t\t\t\t<div class=\"elementor-widget-container\">\n\t\t\t\t\t<h2 class=\"elementor-heading-title elementor-size-default\">.<\/h2>\t\t\t\t<\/div>\n\t\t\t\t<\/div>\n\t\t\t\t\t<\/div>\n\t\t<\/div>\n\t\t\t\t\t<\/div>\n\t\t<\/section>\n\t\t\t\t\t<\/div>\n\t\t<\/div>\n\t\t\t\t\t<\/div>\n\t\t<\/section>\n\t\t\t\t<\/div>\n\t\t","protected":false},"excerpt":{"rendered":"<p>Cz\u0142onkowie PIONIER.Id Cz\u0142onkowie aktywni (udost\u0119pniaj\u0105cy metadane &#8211; w nawiasie data rejestracji ostatniej wersji metadanych) .<\/p>\n","protected":false},"author":11,"featured_media":0,"parent":8,"menu_order":0,"comment_status":"closed","ping_status":"closed","template":"elementor_header_footer","meta":{"footnotes":""},"class_list":["post-37","page","type-page","status-publish","hentry"],"_links":{"self":[{"href":"https:\/\/pionier.net.pl\/pionierid\/wp-json\/wp\/v2\/pages\/37"}],"collection":[{"href":"https:\/\/pionier.net.pl\/pionierid\/wp-json\/wp\/v2\/pages"}],"about":[{"href":"https:\/\/pionier.net.pl\/pionierid\/wp-json\/wp\/v2\/types\/page"}],"author":[{"embeddable":true,"href":"https:\/\/pionier.net.pl\/pionierid\/wp-json\/wp\/v2\/users\/11"}],"replies":[{"embeddable":true,"href":"https:\/\/pionier.net.pl\/pionierid\/wp-json\/wp\/v2\/comments?post=37"}],"version-history":[{"count":1,"href":"https:\/\/pionier.net.pl\/pionierid\/wp-json\/wp\/v2\/pages\/37\/revisions"}],"predecessor-version":[{"id":831,"href":"https:\/\/pionier.net.pl\/pionierid\/wp-json\/wp\/v2\/pages\/37\/revisions\/831"}],"up":[{"embeddable":true,"href":"https:\/\/pionier.net.pl\/pionierid\/wp-json\/wp\/v2\/pages\/8"}],"wp:attachment":[{"href":"https:\/\/pionier.net.pl\/pionierid\/wp-json\/wp\/v2\/media?parent=37"}],"curies":[{"name":"wp","href":"https:\/\/api.w.org\/{rel}","templated":true}]}}