{"id":34,"date":"2022-02-10T18:52:21","date_gmt":"2022-02-10T17:52:21","guid":{"rendered":"https:\/\/pionier.net.pl\/pionierid\/?page_id=34"},"modified":"2025-04-16T22:12:46","modified_gmt":"2025-04-16T20:12:46","slug":"dokumenty","status":"publish","type":"page","link":"https:\/\/pionier.net.pl\/pionierid\/pionier-id\/dokumenty\/","title":{"rendered":"DOKUMENTY"},"content":{"rendered":"\t\t<div data-elementor-type=\"wp-page\" data-elementor-id=\"34\" class=\"elementor elementor-34\">\n\t\t\t\t\t\t<section class=\"elementor-section elementor-top-section elementor-element elementor-element-ff46af8 elementor-section-boxed elementor-section-height-default elementor-section-height-default\" data-id=\"ff46af8\" data-element_type=\"section\">\n\t\t\t\t\t\t<div class=\"elementor-container elementor-column-gap-default\">\n\t\t\t\t\t<div class=\"elementor-column elementor-col-100 elementor-top-column elementor-element elementor-element-274e273\" data-id=\"274e273\" data-element_type=\"column\">\n\t\t\t<div class=\"elementor-widget-wrap elementor-element-populated\">\n\t\t\t\t\t\t<div class=\"elementor-element elementor-element-63eaff7 elementor-widget elementor-widget-heading\" data-id=\"63eaff7\" data-element_type=\"widget\" data-widget_type=\"heading.default\">\n\t\t\t\t<div class=\"elementor-widget-container\">\n\t\t\t\t\t<h1 class=\"elementor-heading-title elementor-size-default\">Dokumenty Federacji<\/h1>\t\t\t\t<\/div>\n\t\t\t\t<\/div>\n\t\t\t\t\t<\/div>\n\t\t<\/div>\n\t\t\t\t\t<\/div>\n\t\t<\/section>\n\t\t\t\t<section class=\"elementor-section elementor-top-section elementor-element elementor-element-f68aca6 elementor-section-boxed elementor-section-height-default elementor-section-height-default\" data-id=\"f68aca6\" data-element_type=\"section\">\n\t\t\t\t\t\t<div class=\"elementor-container elementor-column-gap-default\">\n\t\t\t\t\t<div class=\"elementor-column elementor-col-100 elementor-top-column elementor-element elementor-element-a343f1e\" data-id=\"a343f1e\" data-element_type=\"column\">\n\t\t\t<div class=\"elementor-widget-wrap elementor-element-populated\">\n\t\t\t\t\t\t<div class=\"elementor-element elementor-element-76f0330 elementor-widget__width-initial elementor-widget elementor-widget-text-editor\" data-id=\"76f0330\" data-element_type=\"widget\" data-widget_type=\"text-editor.default\">\n\t\t\t\t<div class=\"elementor-widget-container\">\n\t\t\t\t\t\t\t\t\t<p>Tre\u015b\u0107 poni\u017cszych dokument\u00f3w jest obowi\u0105zuj\u0105ca, natomiast forma graficzna mo\u017ce ulec zmianie.<\/p>\t\t\t\t\t\t\t\t<\/div>\n\t\t\t\t<\/div>\n\t\t\t\t\t<\/div>\n\t\t<\/div>\n\t\t\t\t\t<\/div>\n\t\t<\/section>\n\t\t\t\t<section class=\"elementor-section elementor-top-section elementor-element elementor-element-83127a2 elementor-section-boxed elementor-section-height-default elementor-section-height-default\" data-id=\"83127a2\" data-element_type=\"section\">\n\t\t\t\t\t\t<div class=\"elementor-container elementor-column-gap-default\">\n\t\t\t\t\t<div class=\"elementor-column elementor-col-100 elementor-top-column elementor-element elementor-element-f0c7fe8\" data-id=\"f0c7fe8\" data-element_type=\"column\">\n\t\t\t<div class=\"elementor-widget-wrap elementor-element-populated\">\n\t\t\t\t\t\t<div class=\"elementor-element elementor-element-974aa1c elementor-widget__width-initial elementor-view-default elementor-widget elementor-widget-icon\" data-id=\"974aa1c\" data-element_type=\"widget\" data-widget_type=\"icon.default\">\n\t\t\t\t<div class=\"elementor-widget-container\">\n\t\t\t\t\t\t\t<div class=\"elementor-icon-wrapper\">\n\t\t\t<div class=\"elementor-icon\">\n\t\t\t<i aria-hidden=\"true\" class=\"fas fa-square-full\"><\/i>\t\t\t<\/div>\n\t\t<\/div>\n\t\t\t\t\t\t<\/div>\n\t\t\t\t<\/div>\n\t\t\t\t<div class=\"elementor-element elementor-element-5efaec7 elementor-widget__width-initial elementor-widget elementor-widget-text-editor\" data-id=\"5efaec7\" data-element_type=\"widget\" data-widget_type=\"text-editor.default\">\n\t\t\t\t<div class=\"elementor-widget-container\">\n\t\t\t\t\t\t\t\t\t<p><a style=\"background-color: #ffffff;\" href=\"https:\/\/pionier.net.pl\/pionierid\/dokumenty\/PIONIER_Id_regulamin.pdf\" target=\"_blank\" rel=\"noopener\">Regulamin Federacji<\/a><\/p>\t\t\t\t\t\t\t\t<\/div>\n\t\t\t\t<\/div>\n\t\t\t\t\t<\/div>\n\t\t<\/div>\n\t\t\t\t\t<\/div>\n\t\t<\/section>\n\t\t\t\t<section class=\"elementor-section elementor-top-section elementor-element elementor-element-c945ea8 elementor-section-boxed elementor-section-height-default elementor-section-height-default\" data-id=\"c945ea8\" data-element_type=\"section\">\n\t\t\t\t\t\t<div class=\"elementor-container elementor-column-gap-default\">\n\t\t\t\t\t<div class=\"elementor-column elementor-col-100 elementor-top-column elementor-element elementor-element-785e7c6\" data-id=\"785e7c6\" data-element_type=\"column\">\n\t\t\t<div class=\"elementor-widget-wrap elementor-element-populated\">\n\t\t\t\t\t\t<div class=\"elementor-element elementor-element-8caa747 elementor-widget__width-initial elementor-view-default elementor-widget elementor-widget-icon\" data-id=\"8caa747\" data-element_type=\"widget\" data-widget_type=\"icon.default\">\n\t\t\t\t<div class=\"elementor-widget-container\">\n\t\t\t\t\t\t\t<div class=\"elementor-icon-wrapper\">\n\t\t\t<div class=\"elementor-icon\">\n\t\t\t<i aria-hidden=\"true\" class=\"fas fa-square-full\"><\/i>\t\t\t<\/div>\n\t\t<\/div>\n\t\t\t\t\t\t<\/div>\n\t\t\t\t<\/div>\n\t\t\t\t<div class=\"elementor-element elementor-element-732d450 elementor-widget__width-initial elementor-widget elementor-widget-text-editor\" data-id=\"732d450\" data-element_type=\"widget\" data-widget_type=\"text-editor.default\">\n\t\t\t\t<div class=\"elementor-widget-container\">\n\t\t\t\t\t\t\t\t\t<p><a style=\"background-color: #ffffff;\" href=\"https:\/\/pionier.net.pl\/pionierid\/dokumenty\/PIONIER_Id_Tech.pdf\" target=\"_blank\" rel=\"noopener\">Warunki techniczne Federacji<\/a><\/p>\t\t\t\t\t\t\t\t<\/div>\n\t\t\t\t<\/div>\n\t\t\t\t\t<\/div>\n\t\t<\/div>\n\t\t\t\t\t<\/div>\n\t\t<\/section>\n\t\t\t\t<section class=\"elementor-section elementor-top-section elementor-element elementor-element-dcfab21 elementor-section-boxed elementor-section-height-default elementor-section-height-default\" data-id=\"dcfab21\" data-element_type=\"section\">\n\t\t\t\t\t\t<div class=\"elementor-container elementor-column-gap-default\">\n\t\t\t\t\t<div class=\"elementor-column elementor-col-100 elementor-top-column elementor-element elementor-element-f33455a\" data-id=\"f33455a\" data-element_type=\"column\">\n\t\t\t<div class=\"elementor-widget-wrap elementor-element-populated\">\n\t\t\t\t\t\t<div class=\"elementor-element elementor-element-c23b8fd elementor-widget__width-initial elementor-view-default elementor-widget elementor-widget-icon\" data-id=\"c23b8fd\" data-element_type=\"widget\" data-widget_type=\"icon.default\">\n\t\t\t\t<div class=\"elementor-widget-container\">\n\t\t\t\t\t\t\t<div class=\"elementor-icon-wrapper\">\n\t\t\t<div class=\"elementor-icon\">\n\t\t\t<i aria-hidden=\"true\" class=\"fas fa-square-full\"><\/i>\t\t\t<\/div>\n\t\t<\/div>\n\t\t\t\t\t\t<\/div>\n\t\t\t\t<\/div>\n\t\t\t\t<div class=\"elementor-element elementor-element-4fe198f elementor-widget__width-initial elementor-widget elementor-widget-text-editor\" data-id=\"4fe198f\" data-element_type=\"widget\" data-widget_type=\"text-editor.default\">\n\t\t\t\t<div class=\"elementor-widget-container\">\n\t\t\t\t\t\t\t\t\t<p><a style=\"background-color: #ffffff;\" href=\"https:\/\/pionier.net.pl\/pionierid\/dokumenty\/PIONIER_Id_deklaracja_czlon-2014-09-10.docx\" target=\"_blank\" rel=\"noopener\">Deklaracja cz\u0142onka<\/a><\/p>\t\t\t\t\t\t\t\t<\/div>\n\t\t\t\t<\/div>\n\t\t\t\t\t<\/div>\n\t\t<\/div>\n\t\t\t\t\t<\/div>\n\t\t<\/section>\n\t\t\t\t<section class=\"elementor-section elementor-top-section elementor-element elementor-element-ef1d17b elementor-section-boxed elementor-section-height-default elementor-section-height-default\" data-id=\"ef1d17b\" data-element_type=\"section\">\n\t\t\t\t\t\t<div class=\"elementor-container elementor-column-gap-default\">\n\t\t\t\t\t<div class=\"elementor-column elementor-col-100 elementor-top-column elementor-element elementor-element-1c9f8ba\" data-id=\"1c9f8ba\" data-element_type=\"column\">\n\t\t\t<div class=\"elementor-widget-wrap elementor-element-populated\">\n\t\t\t\t\t\t<div class=\"elementor-element elementor-element-e61cfa2 elementor-widget__width-initial elementor-view-default elementor-widget elementor-widget-icon\" data-id=\"e61cfa2\" data-element_type=\"widget\" data-widget_type=\"icon.default\">\n\t\t\t\t<div class=\"elementor-widget-container\">\n\t\t\t\t\t\t\t<div class=\"elementor-icon-wrapper\">\n\t\t\t<div class=\"elementor-icon\">\n\t\t\t<i aria-hidden=\"true\" class=\"fas fa-square-full\"><\/i>\t\t\t<\/div>\n\t\t<\/div>\n\t\t\t\t\t\t<\/div>\n\t\t\t\t<\/div>\n\t\t\t\t<div class=\"elementor-element elementor-element-0011f9f elementor-widget__width-initial elementor-widget elementor-widget-text-editor\" data-id=\"0011f9f\" data-element_type=\"widget\" data-widget_type=\"text-editor.default\">\n\t\t\t\t<div class=\"elementor-widget-container\">\n\t\t\t\t\t\t\t\t\t<p><a href=\"https:\/\/pionier.net.pl\/pionierid\/dokumenty\/PIONIER_Id_deklaracja_partn-2014-09-10.docx\">Deklaracja parntera<\/a><\/p>\t\t\t\t\t\t\t\t<\/div>\n\t\t\t\t<\/div>\n\t\t\t\t\t<\/div>\n\t\t<\/div>\n\t\t\t\t\t<\/div>\n\t\t<\/section>\n\t\t\t\t<section class=\"elementor-section elementor-top-section elementor-element elementor-element-b749c56 elementor-section-boxed elementor-section-height-default elementor-section-height-default\" data-id=\"b749c56\" data-element_type=\"section\">\n\t\t\t\t\t\t<div class=\"elementor-container elementor-column-gap-default\">\n\t\t\t\t\t<div class=\"elementor-column elementor-col-100 elementor-top-column elementor-element elementor-element-b20d606\" data-id=\"b20d606\" data-element_type=\"column\">\n\t\t\t<div class=\"elementor-widget-wrap elementor-element-populated\">\n\t\t\t\t\t\t<div class=\"elementor-element elementor-element-d3727ba elementor-widget__width-initial elementor-view-default elementor-widget elementor-widget-icon\" data-id=\"d3727ba\" data-element_type=\"widget\" data-widget_type=\"icon.default\">\n\t\t\t\t<div class=\"elementor-widget-container\">\n\t\t\t\t\t\t\t<div class=\"elementor-icon-wrapper\">\n\t\t\t<div class=\"elementor-icon\">\n\t\t\t<i aria-hidden=\"true\" class=\"fas fa-square-full\"><\/i>\t\t\t<\/div>\n\t\t<\/div>\n\t\t\t\t\t\t<\/div>\n\t\t\t\t<\/div>\n\t\t\t\t<div class=\"elementor-element elementor-element-d3f6b96 elementor-widget__width-initial elementor-widget elementor-widget-text-editor\" data-id=\"d3f6b96\" data-element_type=\"widget\" data-widget_type=\"text-editor.default\">\n\t\t\t\t<div class=\"elementor-widget-container\">\n\t\t\t\t\t\t\t\t\t<p><a style=\"background-color: #ffffff; font-family: var( --e-global-typography-primary-font-family ), Sans-serif; font-weight: var( --e-global-typography-primary-font-weight );\" href=\"https:\/\/pionier.net.pl\/pionierid\/dokumenty\/PIONIER_Id_wniosek_rejestracji_sp-2014-10-27.docx\" target=\"_blank\" rel=\"noopener\">Wniosek rejestracji us\u0142ug<\/a>\u00a0jako nazw\u0119 us\u0142ugi we wniosku nale\u017cy wpisa\u0107 warto\u015bci z metadanych &#8211; entityID oraz polsk\u0105 warto\u015b\u0107 DisplayName z tagu md:SPSSODescriptor (we wniosku mo\u017cna zaznaczy\u0107 ch\u0119\u0107 publikacji us\u0142ugi w konfederacji eduGAIN)<\/p>\t\t\t\t\t\t\t\t<\/div>\n\t\t\t\t<\/div>\n\t\t\t\t\t<\/div>\n\t\t<\/div>\n\t\t\t\t\t<\/div>\n\t\t<\/section>\n\t\t\t\t<section class=\"elementor-section elementor-top-section elementor-element elementor-element-0f8bfac elementor-section-boxed elementor-section-height-default elementor-section-height-default\" data-id=\"0f8bfac\" data-element_type=\"section\">\n\t\t\t\t\t\t<div class=\"elementor-container elementor-column-gap-default\">\n\t\t\t\t\t<div class=\"elementor-column elementor-col-100 elementor-top-column elementor-element elementor-element-ef77ecc\" data-id=\"ef77ecc\" data-element_type=\"column\">\n\t\t\t<div class=\"elementor-widget-wrap elementor-element-populated\">\n\t\t\t\t\t\t<div class=\"elementor-element elementor-element-1fe09df elementor-widget__width-initial elementor-view-default elementor-widget elementor-widget-icon\" data-id=\"1fe09df\" data-element_type=\"widget\" data-widget_type=\"icon.default\">\n\t\t\t\t<div class=\"elementor-widget-container\">\n\t\t\t\t\t\t\t<div class=\"elementor-icon-wrapper\">\n\t\t\t<div class=\"elementor-icon\">\n\t\t\t<i aria-hidden=\"true\" class=\"fas fa-square-full\"><\/i>\t\t\t<\/div>\n\t\t<\/div>\n\t\t\t\t\t\t<\/div>\n\t\t\t\t<\/div>\n\t\t\t\t<div class=\"elementor-element elementor-element-de9a145 elementor-widget__width-initial elementor-widget elementor-widget-text-editor\" data-id=\"de9a145\" data-element_type=\"widget\" data-widget_type=\"text-editor.default\">\n\t\t\t\t<div class=\"elementor-widget-container\">\n\t\t\t\t\t\t\t\t\t<p><a style=\"background-color: #ffffff;\" href=\"https:\/\/pionier.net.pl\/pionierid\/dokumenty\/PIONIER_Id_wniosek_rejestracji_idp-2014-10-27.docx\">Wniosek rejestracji IdP<\/a>&nbsp;jako nazw\u0119 dostawcy to\u017csamo\u015bci we wniosku nale\u017cy wpisa\u0107 warto\u015bci z metadanych &#8211; entityID oraz polsk\u0105 warto\u015b\u0107 DisplayName z tagu md:IDPSSODescriptor (we wniosku mo\u017cna zaznaczy\u0107 ch\u0119\u0107 publikacji IdP w konfederacji eduGAIN)<\/p>\t\t\t\t\t\t\t\t<\/div>\n\t\t\t\t<\/div>\n\t\t\t\t\t<\/div>\n\t\t<\/div>\n\t\t\t\t\t<\/div>\n\t\t<\/section>\n\t\t\t\t<\/div>\n\t\t","protected":false},"excerpt":{"rendered":"<p>Dokumenty Federacji Tre\u015b\u0107 poni\u017cszych dokument\u00f3w jest obowi\u0105zuj\u0105ca, natomiast forma graficzna mo\u017ce ulec zmianie. Regulamin Federacji Warunki techniczne Federacji Deklaracja cz\u0142onka Deklaracja parntera Wniosek rejestracji us\u0142ug\u00a0jako nazw\u0119 us\u0142ugi we wniosku nale\u017cy wpisa\u0107 warto\u015bci z metadanych &#8211; entityID oraz polsk\u0105 warto\u015b\u0107 DisplayName z tagu md:SPSSODescriptor (we wniosku mo\u017cna zaznaczy\u0107 ch\u0119\u0107 publikacji us\u0142ugi w konfederacji eduGAIN) Wniosek rejestracji [&hellip;]<\/p>\n","protected":false},"author":11,"featured_media":0,"parent":8,"menu_order":0,"comment_status":"closed","ping_status":"closed","template":"elementor_header_footer","meta":{"footnotes":""},"class_list":["post-34","page","type-page","status-publish","hentry"],"_links":{"self":[{"href":"https:\/\/pionier.net.pl\/pionierid\/wp-json\/wp\/v2\/pages\/34"}],"collection":[{"href":"https:\/\/pionier.net.pl\/pionierid\/wp-json\/wp\/v2\/pages"}],"about":[{"href":"https:\/\/pionier.net.pl\/pionierid\/wp-json\/wp\/v2\/types\/page"}],"author":[{"embeddable":true,"href":"https:\/\/pionier.net.pl\/pionierid\/wp-json\/wp\/v2\/users\/11"}],"replies":[{"embeddable":true,"href":"https:\/\/pionier.net.pl\/pionierid\/wp-json\/wp\/v2\/comments?post=34"}],"version-history":[{"count":4,"href":"https:\/\/pionier.net.pl\/pionierid\/wp-json\/wp\/v2\/pages\/34\/revisions"}],"predecessor-version":[{"id":909,"href":"https:\/\/pionier.net.pl\/pionierid\/wp-json\/wp\/v2\/pages\/34\/revisions\/909"}],"up":[{"embeddable":true,"href":"https:\/\/pionier.net.pl\/pionierid\/wp-json\/wp\/v2\/pages\/8"}],"wp:attachment":[{"href":"https:\/\/pionier.net.pl\/pionierid\/wp-json\/wp\/v2\/media?parent=34"}],"curies":[{"name":"wp","href":"https:\/\/api.w.org\/{rel}","templated":true}]}}