{"id":206,"date":"2022-02-11T13:40:01","date_gmt":"2022-02-11T12:40:01","guid":{"rendered":"https:\/\/pionier.net.pl\/pionierid\/?page_id=206"},"modified":"2025-04-16T14:26:33","modified_gmt":"2025-04-16T12:26:33","slug":"kontakt","status":"publish","type":"page","link":"https:\/\/pionier.net.pl\/pionierid\/kontakt\/","title":{"rendered":"KONTAKT"},"content":{"rendered":"\t\t<div data-elementor-type=\"wp-page\" data-elementor-id=\"206\" class=\"elementor elementor-206\">\n\t\t\t\t\t\t<section class=\"elementor-section elementor-top-section elementor-element elementor-element-af77d78 elementor-section-boxed elementor-section-height-default elementor-section-height-default\" data-id=\"af77d78\" data-element_type=\"section\">\n\t\t\t\t\t\t<div class=\"elementor-container elementor-column-gap-default\">\n\t\t\t\t\t<div class=\"elementor-column elementor-col-100 elementor-top-column elementor-element elementor-element-97507d8\" data-id=\"97507d8\" data-element_type=\"column\">\n\t\t\t<div class=\"elementor-widget-wrap elementor-element-populated\">\n\t\t\t\t\t\t<div class=\"elementor-element elementor-element-4e4eeae elementor-widget elementor-widget-heading\" data-id=\"4e4eeae\" data-element_type=\"widget\" data-widget_type=\"heading.default\">\n\t\t\t\t<div class=\"elementor-widget-container\">\n\t\t\t\t\t<h1 class=\"elementor-heading-title elementor-size-default\">Kontakt<\/h1>\t\t\t\t<\/div>\n\t\t\t\t<\/div>\n\t\t\t\t\t<\/div>\n\t\t<\/div>\n\t\t\t\t\t<\/div>\n\t\t<\/section>\n\t\t\t\t<section class=\"elementor-section elementor-top-section elementor-element elementor-element-d49f1a0 elementor-section-height-min-height elementor-section-items-top elementor-section-boxed elementor-section-height-default\" data-id=\"d49f1a0\" data-element_type=\"section\">\n\t\t\t\t\t\t<div class=\"elementor-container elementor-column-gap-default\">\n\t\t\t\t\t<div class=\"elementor-column elementor-col-100 elementor-top-column elementor-element elementor-element-644e525\" data-id=\"644e525\" data-element_type=\"column\">\n\t\t\t<div class=\"elementor-widget-wrap elementor-element-populated\">\n\t\t\t\t\t\t<div class=\"elementor-element elementor-element-d7fae6c elementor-widget__width-initial elementor-widget elementor-widget-text-editor\" data-id=\"d7fae6c\" data-element_type=\"widget\" data-widget_type=\"text-editor.default\">\n\t\t\t\t<div class=\"elementor-widget-container\">\n\t\t\t\t\t\t\t\t\t<p>Operatorem Federacji jest Pozna\u0144skie Centrum Superkomputerowo-Sieciowe.<br>Wszelkie zapytania i uwagi prosimy kierowa\u0107 na adres <a href=\"mailto:kontakt@aai.pionier.net.pl\">kontakt@aai.pionier.net.pl<\/a>. <br>Deklaracje cz\u0142onkowskie i inne dokumenty nale\u017cy wysy\u0142a\u0107 na adres: <br><b>Pozna\u0144skie Centrum Superkomputerowo-Sieciowe<\/b>&nbsp;<br><span style=\"color: var( --e-global-color-text ); font-family: var( --e-global-typography-primary-font-family ), Sans-serif;\"><b>ul. Jana Paw\u0142a II 10<\/b><\/span><span style=\"color: var( --e-global-color-text ); font-family: var( --e-global-typography-primary-font-family ), Sans-serif;\"> <br><\/span><span style=\"font-weight: bold;\">61-139 Pozna\u0144<\/span><span style=\"color: var( --e-global-color-text ); font-family: var( --e-global-typography-primary-font-family ), Sans-serif; font-weight: var( --e-global-typography-primary-font-weight );\">&nbsp;<br>z adnotacj\u0105 \u201eFederacja PIONIER.Id\u201d<\/span><\/p>\t\t\t\t\t\t\t\t<\/div>\n\t\t\t\t<\/div>\n\t\t\t\t\t<\/div>\n\t\t<\/div>\n\t\t\t\t\t<\/div>\n\t\t<\/section>\n\t\t\t\t<\/div>\n\t\t","protected":false},"excerpt":{"rendered":"<p>Kontakt Operatorem Federacji jest Pozna\u0144skie Centrum Superkomputerowo-Sieciowe.Wszelkie zapytania i uwagi prosimy kierowa\u0107 na adres kontakt@aai.pionier.net.pl. Deklaracje cz\u0142onkowskie i inne dokumenty nale\u017cy wysy\u0142a\u0107 na adres: Pozna\u0144skie Centrum Superkomputerowo-Sieciowe&nbsp;ul. Jana Paw\u0142a II 10 61-139 Pozna\u0144&nbsp;z adnotacj\u0105 \u201eFederacja PIONIER.Id\u201d<\/p>\n","protected":false},"author":11,"featured_media":0,"parent":0,"menu_order":0,"comment_status":"closed","ping_status":"closed","template":"elementor_header_footer","meta":{"footnotes":""},"class_list":["post-206","page","type-page","status-publish","hentry"],"_links":{"self":[{"href":"https:\/\/pionier.net.pl\/pionierid\/wp-json\/wp\/v2\/pages\/206"}],"collection":[{"href":"https:\/\/pionier.net.pl\/pionierid\/wp-json\/wp\/v2\/pages"}],"about":[{"href":"https:\/\/pionier.net.pl\/pionierid\/wp-json\/wp\/v2\/types\/page"}],"author":[{"embeddable":true,"href":"https:\/\/pionier.net.pl\/pionierid\/wp-json\/wp\/v2\/users\/11"}],"replies":[{"embeddable":true,"href":"https:\/\/pionier.net.pl\/pionierid\/wp-json\/wp\/v2\/comments?post=206"}],"version-history":[{"count":3,"href":"https:\/\/pionier.net.pl\/pionierid\/wp-json\/wp\/v2\/pages\/206\/revisions"}],"predecessor-version":[{"id":835,"href":"https:\/\/pionier.net.pl\/pionierid\/wp-json\/wp\/v2\/pages\/206\/revisions\/835"}],"wp:attachment":[{"href":"https:\/\/pionier.net.pl\/pionierid\/wp-json\/wp\/v2\/media?parent=206"}],"curies":[{"name":"wp","href":"https:\/\/api.w.org\/{rel}","templated":true}]}}