{"id":200,"date":"2022-02-11T13:36:51","date_gmt":"2022-02-11T12:36:51","guid":{"rendered":"https:\/\/pionier.net.pl\/pionierid\/?page_id=200"},"modified":"2025-04-16T14:26:33","modified_gmt":"2025-04-16T12:26:33","slug":"swiat-federacji","status":"publish","type":"page","link":"https:\/\/pionier.net.pl\/pionierid\/swiat-federacji\/","title":{"rendered":"\u015aWIAT FEDERACJI"},"content":{"rendered":"\t\t<div data-elementor-type=\"wp-page\" data-elementor-id=\"200\" class=\"elementor elementor-200\">\n\t\t\t\t\t\t<section class=\"elementor-section elementor-top-section elementor-element elementor-element-3c9c6af elementor-section-boxed elementor-section-height-default elementor-section-height-default\" data-id=\"3c9c6af\" data-element_type=\"section\">\n\t\t\t\t\t\t<div class=\"elementor-container elementor-column-gap-default\">\n\t\t\t\t\t<div class=\"elementor-column elementor-col-100 elementor-top-column elementor-element elementor-element-6dd29bb\" data-id=\"6dd29bb\" data-element_type=\"column\">\n\t\t\t<div class=\"elementor-widget-wrap elementor-element-populated\">\n\t\t\t\t\t\t<div class=\"elementor-element elementor-element-89d927b elementor-widget elementor-widget-heading\" data-id=\"89d927b\" data-element_type=\"widget\" data-widget_type=\"heading.default\">\n\t\t\t\t<div class=\"elementor-widget-container\">\n\t\t\t\t\t<h2 class=\"elementor-heading-title elementor-size-default\">eduGAIN<\/h2>\t\t\t\t<\/div>\n\t\t\t\t<\/div>\n\t\t\t\t\t<\/div>\n\t\t<\/div>\n\t\t\t\t\t<\/div>\n\t\t<\/section>\n\t\t\t\t<section class=\"elementor-section elementor-top-section elementor-element elementor-element-d2c488d elementor-section-boxed elementor-section-height-default elementor-section-height-default\" data-id=\"d2c488d\" data-element_type=\"section\">\n\t\t\t\t\t\t<div class=\"elementor-container elementor-column-gap-default\">\n\t\t\t\t\t<div class=\"elementor-column elementor-col-100 elementor-top-column elementor-element elementor-element-5b250bb\" data-id=\"5b250bb\" data-element_type=\"column\">\n\t\t\t<div class=\"elementor-widget-wrap elementor-element-populated\">\n\t\t\t\t\t\t<div class=\"elementor-element elementor-element-c433169 elementor-widget__width-initial elementor-widget elementor-widget-text-editor\" data-id=\"c433169\" data-element_type=\"widget\" data-widget_type=\"text-editor.default\">\n\t\t\t\t<div class=\"elementor-widget-container\">\n\t\t\t\t\t\t\t\t\t<p>eduGAIN to mi\u0119dzynarodowa us\u0142uga mi\u0119dzyfederacyjna \u0142\u0105cz\u0105ca federacje to\u017csamo\u015bci badawczej i edukacyjnej. Umo\u017cliwia bezpieczn\u0105 wymian\u0119 informacji zwi\u0105zanych z to\u017csamo\u015bci\u0105, uwierzytelnianiem i autoryzacj\u0105 mi\u0119dzy uczestnicz\u0105cymi federacjami.<\/p>\t\t\t\t\t\t\t\t<\/div>\n\t\t\t\t<\/div>\n\t\t\t\t\t<\/div>\n\t\t<\/div>\n\t\t\t\t\t<\/div>\n\t\t<\/section>\n\t\t\t\t<section class=\"elementor-section elementor-top-section elementor-element elementor-element-dbb576c elementor-section-boxed elementor-section-height-default elementor-section-height-default\" data-id=\"dbb576c\" data-element_type=\"section\">\n\t\t\t\t\t\t<div class=\"elementor-container elementor-column-gap-default\">\n\t\t\t\t\t<div class=\"elementor-column elementor-col-100 elementor-top-column elementor-element elementor-element-93b9f5b\" data-id=\"93b9f5b\" data-element_type=\"column\">\n\t\t\t<div class=\"elementor-widget-wrap elementor-element-populated\">\n\t\t\t\t\t\t<div class=\"elementor-element elementor-element-c1e9f11 elementor-widget__width-initial elementor-widget elementor-widget-text-editor\" data-id=\"c1e9f11\" data-element_type=\"widget\" data-widget_type=\"text-editor.default\">\n\t\t\t\t<div class=\"elementor-widget-container\">\n\t\t\t\t\t\t\t\t\t<p>Przejd\u017a do eduGain<\/p>\t\t\t\t\t\t\t\t<\/div>\n\t\t\t\t<\/div>\n\t\t\t\t<div class=\"elementor-element elementor-element-c396ef2 elementor-widget__width-auto elementor-view-default elementor-widget elementor-widget-icon\" data-id=\"c396ef2\" data-element_type=\"widget\" data-widget_type=\"icon.default\">\n\t\t\t\t<div class=\"elementor-widget-container\">\n\t\t\t\t\t\t\t<div class=\"elementor-icon-wrapper\">\n\t\t\t<div class=\"elementor-icon\">\n\t\t\t<i aria-hidden=\"true\" class=\"fas fa-arrow-right\"><\/i>\t\t\t<\/div>\n\t\t<\/div>\n\t\t\t\t\t\t<\/div>\n\t\t\t\t<\/div>\n\t\t\t\t\t<\/div>\n\t\t<\/div>\n\t\t\t\t\t<\/div>\n\t\t<\/section>\n\t\t\t\t<section class=\"elementor-section elementor-top-section elementor-element elementor-element-b93f52c elementor-section-boxed elementor-section-height-default elementor-section-height-default\" data-id=\"b93f52c\" data-element_type=\"section\">\n\t\t\t\t\t\t<div class=\"elementor-container elementor-column-gap-default\">\n\t\t\t\t\t<div class=\"elementor-column elementor-col-100 elementor-top-column elementor-element elementor-element-13b51df\" data-id=\"13b51df\" data-element_type=\"column\">\n\t\t\t<div class=\"elementor-widget-wrap elementor-element-populated\">\n\t\t\t\t\t\t<div class=\"elementor-element elementor-element-e959868 elementor-widget elementor-widget-heading\" data-id=\"e959868\" data-element_type=\"widget\" data-widget_type=\"heading.default\">\n\t\t\t\t<div class=\"elementor-widget-container\">\n\t\t\t\t\t<h2 class=\"elementor-heading-title elementor-size-default\">REFEDS<\/h2>\t\t\t\t<\/div>\n\t\t\t\t<\/div>\n\t\t\t\t\t<\/div>\n\t\t<\/div>\n\t\t\t\t\t<\/div>\n\t\t<\/section>\n\t\t\t\t<section class=\"elementor-section elementor-top-section elementor-element elementor-element-2e35224 elementor-section-boxed elementor-section-height-default elementor-section-height-default\" data-id=\"2e35224\" data-element_type=\"section\">\n\t\t\t\t\t\t<div class=\"elementor-container elementor-column-gap-default\">\n\t\t\t\t\t<div class=\"elementor-column elementor-col-100 elementor-top-column elementor-element elementor-element-fc50323\" data-id=\"fc50323\" data-element_type=\"column\">\n\t\t\t<div class=\"elementor-widget-wrap elementor-element-populated\">\n\t\t\t\t\t\t<div class=\"elementor-element elementor-element-2804b1f elementor-widget__width-initial elementor-widget elementor-widget-text-editor\" data-id=\"2804b1f\" data-element_type=\"widget\" data-widget_type=\"text-editor.default\">\n\t\t\t\t<div class=\"elementor-widget-container\">\n\t\t\t\t\t\t\t\t\t<div>REFEDS (Research and Education FEDerations) to spo\u0142eczno\u015b\u0107 praktyk\u00f3w aktywnie zaanga\u017cowanych w prac\u0119 nad dost\u0119pem i to\u017csamo\u015bci\u0105 w swoich krajach ojczystych, kt\u00f3rzy wspieraj\u0105 rozw\u00f3j zgodny ze standardami mi\u0119dzynarodowymi, w celu wzmocnienia wsp\u00f3\u0142pracy mi\u0119dzynarodowej. REFEDS jest zarz\u0105dzany przez G\u00c9ANT, kt\u00f3ry zapewnia obs\u0142ug\u0119 sekretariatu grupy.<\/div><div>\u00a0<\/div>\t\t\t\t\t\t\t\t<\/div>\n\t\t\t\t<\/div>\n\t\t\t\t\t<\/div>\n\t\t<\/div>\n\t\t\t\t\t<\/div>\n\t\t<\/section>\n\t\t\t\t<section class=\"elementor-section elementor-top-section elementor-element elementor-element-bbbed6a elementor-section-boxed elementor-section-height-default elementor-section-height-default\" data-id=\"bbbed6a\" data-element_type=\"section\">\n\t\t\t\t\t\t<div class=\"elementor-container elementor-column-gap-default\">\n\t\t\t\t\t<div class=\"elementor-column elementor-col-100 elementor-top-column elementor-element elementor-element-ae070a3\" data-id=\"ae070a3\" data-element_type=\"column\">\n\t\t\t<div class=\"elementor-widget-wrap elementor-element-populated\">\n\t\t\t\t\t\t<div class=\"elementor-element elementor-element-eb3b53f elementor-widget__width-initial elementor-widget elementor-widget-text-editor\" data-id=\"eb3b53f\" data-element_type=\"widget\" data-widget_type=\"text-editor.default\">\n\t\t\t\t<div class=\"elementor-widget-container\">\n\t\t\t\t\t\t\t\t\t<p>Przejd\u017a do REFEDS<\/p>\t\t\t\t\t\t\t\t<\/div>\n\t\t\t\t<\/div>\n\t\t\t\t<div class=\"elementor-element elementor-element-cf9e891 elementor-widget__width-auto elementor-view-default elementor-widget elementor-widget-icon\" data-id=\"cf9e891\" data-element_type=\"widget\" data-widget_type=\"icon.default\">\n\t\t\t\t<div class=\"elementor-widget-container\">\n\t\t\t\t\t\t\t<div class=\"elementor-icon-wrapper\">\n\t\t\t<div class=\"elementor-icon\">\n\t\t\t<i aria-hidden=\"true\" class=\"fas fa-arrow-right\"><\/i>\t\t\t<\/div>\n\t\t<\/div>\n\t\t\t\t\t\t<\/div>\n\t\t\t\t<\/div>\n\t\t\t\t\t<\/div>\n\t\t<\/div>\n\t\t\t\t\t<\/div>\n\t\t<\/section>\n\t\t\t\t<\/div>\n\t\t","protected":false},"excerpt":{"rendered":"<p>eduGAIN eduGAIN to mi\u0119dzynarodowa us\u0142uga mi\u0119dzyfederacyjna \u0142\u0105cz\u0105ca federacje to\u017csamo\u015bci badawczej i edukacyjnej. Umo\u017cliwia bezpieczn\u0105 wymian\u0119 informacji zwi\u0105zanych z to\u017csamo\u015bci\u0105, uwierzytelnianiem i autoryzacj\u0105 mi\u0119dzy uczestnicz\u0105cymi federacjami. Przejd\u017a do eduGain REFEDS REFEDS (Research and Education FEDerations) to spo\u0142eczno\u015b\u0107 praktyk\u00f3w aktywnie zaanga\u017cowanych w prac\u0119 nad dost\u0119pem i to\u017csamo\u015bci\u0105 w swoich krajach ojczystych, kt\u00f3rzy wspieraj\u0105 rozw\u00f3j zgodny ze standardami [&hellip;]<\/p>\n","protected":false},"author":11,"featured_media":0,"parent":0,"menu_order":0,"comment_status":"closed","ping_status":"closed","template":"elementor_header_footer","meta":{"footnotes":""},"class_list":["post-200","page","type-page","status-publish","hentry"],"_links":{"self":[{"href":"https:\/\/pionier.net.pl\/pionierid\/wp-json\/wp\/v2\/pages\/200"}],"collection":[{"href":"https:\/\/pionier.net.pl\/pionierid\/wp-json\/wp\/v2\/pages"}],"about":[{"href":"https:\/\/pionier.net.pl\/pionierid\/wp-json\/wp\/v2\/types\/page"}],"author":[{"embeddable":true,"href":"https:\/\/pionier.net.pl\/pionierid\/wp-json\/wp\/v2\/users\/11"}],"replies":[{"embeddable":true,"href":"https:\/\/pionier.net.pl\/pionierid\/wp-json\/wp\/v2\/comments?post=200"}],"version-history":[{"count":1,"href":"https:\/\/pionier.net.pl\/pionierid\/wp-json\/wp\/v2\/pages\/200\/revisions"}],"predecessor-version":[{"id":895,"href":"https:\/\/pionier.net.pl\/pionierid\/wp-json\/wp\/v2\/pages\/200\/revisions\/895"}],"wp:attachment":[{"href":"https:\/\/pionier.net.pl\/pionierid\/wp-json\/wp\/v2\/media?parent=200"}],"curies":[{"name":"wp","href":"https:\/\/api.w.org\/{rel}","templated":true}]}}