{"id":185,"date":"2022-02-11T13:26:43","date_gmt":"2022-02-11T12:26:43","guid":{"rendered":"https:\/\/pionier.net.pl\/pionierid\/?page_id=185"},"modified":"2025-04-29T14:07:49","modified_gmt":"2025-04-29T12:07:49","slug":"erasmus","status":"publish","type":"page","link":"https:\/\/pionier.net.pl\/pionierid\/erasmus\/","title":{"rendered":"ERASMUS+"},"content":{"rendered":"\t\t<div data-elementor-type=\"wp-page\" data-elementor-id=\"185\" class=\"elementor elementor-185\">\n\t\t\t\t\t\t<section class=\"elementor-section elementor-top-section elementor-element elementor-element-b5a3188 elementor-section-boxed elementor-section-height-default elementor-section-height-default\" data-id=\"b5a3188\" data-element_type=\"section\">\n\t\t\t\t\t\t<div class=\"elementor-container elementor-column-gap-default\">\n\t\t\t\t\t<div class=\"elementor-column elementor-col-100 elementor-top-column elementor-element elementor-element-07efa68\" data-id=\"07efa68\" data-element_type=\"column\">\n\t\t\t<div class=\"elementor-widget-wrap elementor-element-populated\">\n\t\t\t\t\t\t<div class=\"elementor-element elementor-element-82a29a6 elementor-widget elementor-widget-heading\" data-id=\"82a29a6\" data-element_type=\"widget\" data-widget_type=\"heading.default\">\n\t\t\t\t<div class=\"elementor-widget-container\">\n\t\t\t\t\t<h1 class=\"elementor-heading-title elementor-size-default\">Korzystanie z us\u0142ugi Erasmus+ Online Learning Agreement<\/h1>\t\t\t\t<\/div>\n\t\t\t\t<\/div>\n\t\t\t\t\t<\/div>\n\t\t<\/div>\n\t\t\t\t\t<\/div>\n\t\t<\/section>\n\t\t\t\t<section class=\"elementor-section elementor-top-section elementor-element elementor-element-f38d2cd elementor-section-boxed elementor-section-height-default elementor-section-height-default\" data-id=\"f38d2cd\" data-element_type=\"section\">\n\t\t\t\t\t\t<div class=\"elementor-container elementor-column-gap-default\">\n\t\t\t\t\t<div class=\"elementor-column elementor-col-100 elementor-top-column elementor-element elementor-element-aa5a628\" data-id=\"aa5a628\" data-element_type=\"column\">\n\t\t\t<div class=\"elementor-widget-wrap elementor-element-populated\">\n\t\t\t\t\t\t<div class=\"elementor-element elementor-element-00768ab elementor-widget__width-initial elementor-widget elementor-widget-text-editor\" data-id=\"00768ab\" data-element_type=\"widget\" data-widget_type=\"text-editor.default\">\n\t\t\t\t<div class=\"elementor-widget-container\">\n\t\t\t\t\t\t\t\t\t<p>Podstawowym \u017ar\u00f3d\u0142em informacji o Erasmus+ jest strona <a href=\"https:\/\/erasmusplus.org.pl\/\">erasmusplus.org.pl<\/a> prowadzona przez FRSE. W tym miejscu m\u00f3wimy wy\u0142\u0105cznie o zapewnieniu wsparcia logowania student\u00f3w do us\u0142ug Erasmus+, a nie o samym korzystaniu z tych us\u0142ug, czy procedurze rejestracji.<\/p>\n<p>Zgodnie z decyzj\u0105 Komisji Europejskiej wyjazdy student\u00f3w w ramach programu Erasmus+ wymagaj\u0105 rejestracji w systemach centralnych. Taka rejestracja mo\u017ce by\u0107 realizowana automatycznie przez odpowiednio przygotowane systemy obs\u0142ugi studi\u00f3w (np. USOS), lub przez bezpo\u015bredni dost\u0119p studenta do portalu Online Learning Agreement (<a href=\"https:\/\/learning-agreement.eu\/\" target=\"_blank\" rel=\"noopener\">OLA<\/a>).&nbsp;<\/p>\n<p>Bezpo\u015brednie logowanie studenta do OLA wymaga wskazania jego instytucji macierzystej i u\u017cycia konta w systemie lokalnym tej instytucji. Taki proces mo\u017ce zadzia\u0142a\u0107 pod warunkiem, \u017ce instytucja macierzysta jest cz\u0142onkiem federacji PIONIER.Id, uruchomi\u0142a oprogramowanie tzw. Dostawcy To\u017csamo\u015bci i udost\u0119pnia\u0142a niezb\u0119dne dane w procesie logowania. Przyst\u0105pienie do Federacji PIONIER.Id jest opisane na innych naszych stronach, wskazujemy tam te\u017c na dodatkowe korzy\u015bci p\u0142yn\u0105ce z takiego cz\u0142onkostwa.<\/p>\n<p>Instytucje uprawnione do cz\u0142onkostwa w PIONIER.Id, a kt\u00f3re nie maj\u0105 w tej chwili mo\u017cliwo\u015bci przygotowania pe\u0142nego wdro\u017cenia Dostawcy To\u017csamo\u015bci, mog\u0105 skorzysta\u0107 z tymczasowej us\u0142ugi PIONIER.Id for Erasmus+. Po wi\u0119cej informacji zapraszamy na stron\u0119 <a href=\"https:\/\/erasmus.pionier.net.pl\/\">PIONIER.Id for Erasmus+<\/a>.<\/p>\t\t\t\t\t\t\t\t<\/div>\n\t\t\t\t<\/div>\n\t\t\t\t\t<\/div>\n\t\t<\/div>\n\t\t\t\t\t<\/div>\n\t\t<\/section>\n\t\t\t\t<\/div>\n\t\t","protected":false},"excerpt":{"rendered":"<p>Korzystanie z us\u0142ugi Erasmus+ Online Learning Agreement Podstawowym \u017ar\u00f3d\u0142em informacji o Erasmus+ jest strona erasmusplus.org.pl prowadzona przez FRSE. W tym miejscu m\u00f3wimy wy\u0142\u0105cznie o zapewnieniu wsparcia logowania student\u00f3w do us\u0142ug Erasmus+, a nie o samym korzystaniu z tych us\u0142ug, czy procedurze rejestracji. Zgodnie z decyzj\u0105 Komisji Europejskiej wyjazdy student\u00f3w w ramach programu Erasmus+ wymagaj\u0105 rejestracji [&hellip;]<\/p>\n","protected":false},"author":11,"featured_media":0,"parent":0,"menu_order":0,"comment_status":"closed","ping_status":"closed","template":"elementor_header_footer","meta":{"footnotes":""},"class_list":["post-185","page","type-page","status-publish","hentry"],"_links":{"self":[{"href":"https:\/\/pionier.net.pl\/pionierid\/wp-json\/wp\/v2\/pages\/185"}],"collection":[{"href":"https:\/\/pionier.net.pl\/pionierid\/wp-json\/wp\/v2\/pages"}],"about":[{"href":"https:\/\/pionier.net.pl\/pionierid\/wp-json\/wp\/v2\/types\/page"}],"author":[{"embeddable":true,"href":"https:\/\/pionier.net.pl\/pionierid\/wp-json\/wp\/v2\/users\/11"}],"replies":[{"embeddable":true,"href":"https:\/\/pionier.net.pl\/pionierid\/wp-json\/wp\/v2\/comments?post=185"}],"version-history":[{"count":7,"href":"https:\/\/pionier.net.pl\/pionierid\/wp-json\/wp\/v2\/pages\/185\/revisions"}],"predecessor-version":[{"id":934,"href":"https:\/\/pionier.net.pl\/pionierid\/wp-json\/wp\/v2\/pages\/185\/revisions\/934"}],"wp:attachment":[{"href":"https:\/\/pionier.net.pl\/pionierid\/wp-json\/wp\/v2\/media?parent=185"}],"curies":[{"name":"wp","href":"https:\/\/api.w.org\/{rel}","templated":true}]}}